{"id":447,"date":"2025-08-21T03:41:59","date_gmt":"2025-08-21T03:41:59","guid":{"rendered":"https:\/\/wp.favdevs.net\/tourex\/wp-travel-engine-cart\/"},"modified":"2025-08-21T03:41:59","modified_gmt":"2025-08-21T03:41:59","slug":"wp-podrozy-wozek-silnik-2","status":"publish","type":"page","link":"https:\/\/www.mounteverestgo.com\/pl\/wp-travel-engine-cart-2\/","title":{"rendered":"WP Podr\u00f3\u017cy Silnik W\u00f3zek"},"content":{"rendered":"<div class=\"wp-travel\">Your cart is currently empty. Please add trips to view your cart.<\/div>","protected":false},"excerpt":{"rendered":"","protected":false},"author":1,"featured_media":0,"parent":0,"menu_order":0,"comment_status":"closed","ping_status":"closed","template":"","meta":{"footnotes":""},"class_list":["post-447","page","type-page","status-publish","hentry","travel-monster-post","no-post-thumbnail","latest_post"],"_links":{"self":[{"href":"https:\/\/www.mounteverestgo.com\/pl\/wp-json\/wp\/v2\/pages\/447","targetHints":{"allow":["GET"]}}],"collection":[{"href":"https:\/\/www.mounteverestgo.com\/pl\/wp-json\/wp\/v2\/pages"}],"about":[{"href":"https:\/\/www.mounteverestgo.com\/pl\/wp-json\/wp\/v2\/types\/page"}],"author":[{"embeddable":true,"href":"https:\/\/www.mounteverestgo.com\/pl\/wp-json\/wp\/v2\/users\/1"}],"replies":[{"embeddable":true,"href":"https:\/\/www.mounteverestgo.com\/pl\/wp-json\/wp\/v2\/comments?post=447"}],"version-history":[{"count":0,"href":"https:\/\/www.mounteverestgo.com\/pl\/wp-json\/wp\/v2\/pages\/447\/revisions"}],"wp:attachment":[{"href":"https:\/\/www.mounteverestgo.com\/pl\/wp-json\/wp\/v2\/media?parent=447"}],"curies":[{"name":"wp","href":"https:\/\/api.w.org\/{rel}","templated":true}]}}