{"id":7510,"date":"2026-01-12T16:49:07","date_gmt":"2026-01-12T16:49:07","guid":{"rendered":"https:\/\/www.mounteverestgo.com\/?page_id=7510"},"modified":"2026-02-16T09:32:46","modified_gmt":"2026-02-16T09:32:46","slug":"bezplatny-planer-podrozy-ai","status":"publish","type":"page","link":"https:\/\/www.mounteverestgo.com\/pl\/free-ai-trip-planner\/","title":{"rendered":"Bezp\u0142atny planer podr\u00f3\u017cy AI |"},"content":{"rendered":"<div data-elementor-type=\"wp-page\" data-elementor-id=\"7510\" class=\"elementor elementor-7510\" data-elementor-post-type=\"page\">\n\t\t\t\t<div class=\"elementor-element elementor-element-46bfe80 e-flex e-con-boxed e-con e-parent\" data-id=\"46bfe80\" data-element_type=\"container\" data-e-type=\"container\">\n\t\t\t\t\t<div class=\"e-con-inner\">\n\t\t\t\t<div class=\"elementor-element elementor-element-4829ce8 elementor-widget elementor-widget-shortcode\" data-id=\"4829ce8\" data-element_type=\"widget\" data-e-type=\"widget\" data-widget_type=\"shortcode.default\">\n\t\t\t\t\t\t\t<div class=\"elementor-shortcode\">\n<div class=\"aiti-container\" id=\"aiti-app\">\n    \n    <!-- Header -->\n    <div class=\"aiti-header\">\n        <h1 class=\"aiti-title\">\ud83c\udf0d Kreator trasy AI Travel Travel<\/h1>\n        <p class=\"aiti-subtitle\">Stw\u00f3rz sw\u00f3j idealny plan podr\u00f3\u017cy w kilka sekund dzi\u0119ki rekomendacjom opartym na sztucznej inteligencji<\/p>\n    <\/div>\n    \n    <!-- Input Form -->\n    <div class=\"aiti-form-section\" id=\"aiti-form-section\">\n        <div class=\"aiti-chat-container\">\n            \n            <div class=\"aiti-input-group\">\n                <label for=\"aiti-destination\">\n                    <span class=\"input-icon\">\ud83d\udccd<\/span>\n                    <span class=\"input-label\">Gdzie chcesz i\u015b\u0107?<\/span>\n                <\/label>\n                <input type=\"text\" \n                       id=\"aiti-destination\" \n                       class=\"aiti-input\" \n                       placeholder=\"Np. Nepal, Pary\u017c, Bali, Tokio...\" \n                       required \/>\n            <\/div>\n            \n            <div class=\"aiti-input-row\">\n                <div class=\"aiti-input-group\">\n                    <label for=\"aiti-duration\">\n                        <span class=\"input-icon\">\ud83d\udcc5<\/span>\n                        <span class=\"input-label\">Czas trwania podr\u00f3\u017cy<\/span>\n                    <\/label>\n                    <select id=\"aiti-duration\" class=\"aiti-select\">\n                        <option value=\"\">Wybierz czas trwania<\/option>\n                        <option value=\"1-3 days\">1-3 dni<\/option>\n                        <option value=\"4-7 days\">4-7 dni (1 tydzie\u0144)<\/option>\n                        <option value=\"8-14 days\">8-14 dni (2 tygodnie)<\/option>\n                        <option value=\"15-21 days\">15-21 dni (3 tygodnie)<\/option>\n                        <option value=\"22-30 days\">22-30 dni (1 miesi\u0105c)<\/option>\n                        <option value=\"30+ days\">30+ dni<\/option>\n                    <\/select>\n                <\/div>\n                \n                <div class=\"aiti-input-group\">\n                    <label for=\"aiti-budget\">\n                        <span class=\"input-icon\">\ud83d\udcb0<\/span>\n                        <span class=\"input-label\">Zakres bud\u017cetu<\/span>\n                    <\/label>\n                    <select id=\"aiti-budget\" class=\"aiti-select\">\n                        <option value=\"\">Wybierz bud\u017cet<\/option>\n                        <option value=\"Budget (< $50\/day)\">bud\u017cet (&lt; $50\/dzie\u0144)<\/option>\n                        <option value=\"Moderate ($50-150\/day)\">Umiarkowane ($50-150\/dob\u0119)<\/option>\n                        <option value=\"Comfortable ($150-300\/day)\">Wygodne ($150-300\/dzie\u0144)<\/option>\n                        <option value=\"Luxury ($300+\/day)\">Luksus ($300+\/dzie\u0144)<\/option>\n                    <\/select>\n                <\/div>\n            <\/div>\n            \n            <div class=\"aiti-input-group\">\n                <label for=\"aiti-interests\">\n                    <span class=\"input-icon\">\u2764\ufe0f<\/span>\n                    <span class=\"input-label\">Twoje zainteresowania<\/span>\n                <\/label>\n                <div class=\"aiti-interests-tags\">\n                    <button type=\"button\" class=\"interest-tag\" data-interest=\"Culture & History\">\ud83c\udfdb\ufe0fKultura i historia<\/button>\n                    <button type=\"button\" class=\"interest-tag\" data-interest=\"Adventure & Hiking\">\ud83c\udfd4\ufe0f Przygody i w\u0119dr\u00f3wki<\/button>\n                    <button type=\"button\" class=\"interest-tag\" data-interest=\"Food & Cuisine\">\ud83c\udf5c Jedzenie i kuchnia<\/button>\n                    <button type=\"button\" class=\"interest-tag\" data-interest=\"Beach & Relaxation\">\ud83c\udfd6\ufe0fPla\u017ca i relaks<\/button>\n                    <button type=\"button\" class=\"interest-tag\" data-interest=\"Nature & Wildlife\">\ud83c\udf3f Przyroda i dzika przyroda<\/button>\n                    <button type=\"button\" class=\"interest-tag\" data-interest=\"Shopping & Markets\">\ud83d\udecd\ufe0fZakupy i rynki<\/button>\n                    <button type=\"button\" class=\"interest-tag\" data-interest=\"Nightlife & Entertainment\">\ud83c\udf89 \u017bycie nocne i rozrywka<\/button>\n                    <button type=\"button\" class=\"interest-tag\" data-interest=\"Photography\">\ud83d\udcf8 Fotografowanie<\/button>\n                <\/div>\n                <input type=\"text\" \n                       id=\"aiti-interests\" \n                       class=\"aiti-input\" \n                       placeholder=\"Lub wpisz w\u0142asne zainteresowania (np. \u015bwi\u0105tynie, widoki na g\u00f3ry, kuchnia lokalna...)\" \n                       style=\"margin-top: 10px;\" \/>\n            <\/div>\n            \n            <button id=\"aiti-generate-btn\" class=\"aiti-generate-btn\">\n                <span class=\"btn-text\">\u2728 Wygeneruj m\u00f3j plan podr\u00f3\u017cy<\/span>\n                <span class=\"btn-loader\" style=\"display: none;\">\n                    <span class=\"loader-spinner\"><\/span> Tworz\u0105c idealn\u0105 podr\u00f3\u017c...\n                <\/span>\n            <\/button>\n            \n        <\/div>\n    <\/div>\n    \n    <!-- Results Section -->\n    <div class=\"aiti-results-section\" id=\"aiti-results-section\" style=\"display: none;\">\n        \n        <!-- Nepal Offer Banner (shown only for Nepal queries) -->\n        <div class=\"aiti-nepal-offer\" id=\"aiti-nepal-offer\" style=\"display: none;\">\n            <div class=\"nepal-offer-content\">\n                <div class=\"nepal-offer-header\">\n                    <h2>\ud83c\udfd4\ufe0f Specjalna oferta Nepalu - Mount Everest Go<\/h2>\n                    <p class=\"nepal-tagline\">Lokalni eksperci z Himalaj\u00f3w<\/p>\n                <\/div>\n                \n                <div class=\"nepal-offer-body\">\n                    <div class=\"promo-badge\">\n                        <span class=\"discount-value\" id=\"nepal-discount\">20%<\/span>\n                        <span class=\"discount-text\">opodal<\/span>\n                    <\/div>\n                    \n                    <div class=\"nepal-details\">\n                        <p class=\"nepal-promo\" id=\"nepal-promo-text\"><\/p>\n                        \n                        <div class=\"nepal-contact\">\n                            <div class=\"contact-item\">\n                                <span class=\"contact-icon\">\ud83d\udcde<\/span>\n                                <a href=\"tel:+9779823621022\">+977 9823621022<\/a>\n                            <\/div>\n                            <div class=\"contact-item\">\n                                <span class=\"contact-icon\">\u2709\ufe0f<\/span>\n                                <a href=\"mailto:info@mounteverestgo.com\">info@mounteverestgo.com<\/a>\n                            <\/div>\n                            <div class=\"contact-item\">\n                                <span class=\"contact-icon\">\ud83d\udccd<\/span>\n                                <span>Thamel, Katmandu, Nepal \ud83c\uddf3\ud83c\uddf5<\/span>\n                            <\/div>\n                        <\/div>\n                        \n                        <button class=\"nepal-booking-btn\" id=\"nepal-booking-btn\">\n                            Zarezerwuj wycieczki Nepal z 20% off @ Mount Everest Go\n                        <\/button>\n                    <\/div>\n                <\/div>\n            <\/div>\n        <\/div>\n        \n        <!-- Itinerary Content -->\n        <div class=\"aiti-itinerary-card\">\n            <div class=\"itinerary-header\">\n                <h2 id=\"itinerary-title\">Tw\u00f3j spersonalizowany plan podr\u00f3\u017cy<\/h2>\n                <div class=\"itinerary-actions\">\n                    <button class=\"action-btn\" id=\"save-itinerary-btn\">\n                        <span class=\"btn-icon\">\ud83d\udcbe<\/span> uratowa\u0107\n                    <\/button>\n                    <button class=\"action-btn\" id=\"download-itinerary-btn\">\n                        <span class=\"btn-icon\">\u2b07\ufe0f<\/span> \u015bci\u0105ganie\n                    <\/button>\n                    <button class=\"action-btn\" id=\"share-itinerary-btn\">\n                        <span class=\"btn-icon\">\ud83d\udce7<\/span> bra\u0107 udzia\u0142\n                    <\/button>\n                <\/div>\n            <\/div>\n            \n            <!-- Images Gallery -->\n            <div class=\"itinerary-images\" id=\"itinerary-images\">\n                <!-- Images will be inserted here -->\n            <\/div>\n            \n            <!-- Itinerary Content -->\n            <div class=\"itinerary-content\" id=\"itinerary-content\">\n                <!-- AI-generated content will be inserted here -->\n            <\/div>\n        <\/div>\n        \n        <!-- Tours Section (for non-Nepal queries) -->\n        <div class=\"aiti-tours-section\" id=\"aiti-tours-section\" style=\"display: none;\">\n            <h2>\ud83c\udfab Zalecane wycieczki i zaj\u0119cia<\/h2>\n            <div class=\"tours-grid\" id=\"tours-grid\">\n                <!-- Tours will be inserted here -->\n            <\/div>\n        <\/div>\n        \n        <!-- New Search Button -->\n        <div class=\"aiti-new-search\">\n            <button id=\"new-search-btn\" class=\"aiti-secondary-btn\">\n                \ud83d\udd04 Zaplanuj kolejn\u0105 podr\u00f3\u017c\n            <\/button>\n        <\/div>\n        \n    <\/div>\n    \n<\/div>\n<\/div>\n\t\t\t\t\t\t<\/div>\n\t\t\t\t\t<\/div>\n\t\t\t\t<\/div>\n\t\t\t\t<\/div>","protected":false},"excerpt":{"rendered":"","protected":false},"author":1,"featured_media":0,"parent":0,"menu_order":0,"comment_status":"closed","ping_status":"closed","template":"","meta":{"footnotes":""},"class_list":["post-7510","page","type-page","status-publish","hentry","travel-monster-post","no-post-thumbnail","latest_post"],"_links":{"self":[{"href":"https:\/\/www.mounteverestgo.com\/pl\/wp-json\/wp\/v2\/pages\/7510","targetHints":{"allow":["GET"]}}],"collection":[{"href":"https:\/\/www.mounteverestgo.com\/pl\/wp-json\/wp\/v2\/pages"}],"about":[{"href":"https:\/\/www.mounteverestgo.com\/pl\/wp-json\/wp\/v2\/types\/page"}],"author":[{"embeddable":true,"href":"https:\/\/www.mounteverestgo.com\/pl\/wp-json\/wp\/v2\/users\/1"}],"replies":[{"embeddable":true,"href":"https:\/\/www.mounteverestgo.com\/pl\/wp-json\/wp\/v2\/comments?post=7510"}],"version-history":[{"count":9,"href":"https:\/\/www.mounteverestgo.com\/pl\/wp-json\/wp\/v2\/pages\/7510\/revisions"}],"predecessor-version":[{"id":7680,"href":"https:\/\/www.mounteverestgo.com\/pl\/wp-json\/wp\/v2\/pages\/7510\/revisions\/7680"}],"wp:attachment":[{"href":"https:\/\/www.mounteverestgo.com\/pl\/wp-json\/wp\/v2\/media?parent=7510"}],"curies":[{"name":"wp","href":"https:\/\/api.w.org\/{rel}","templated":true}]}}